{"id":578,"date":"2015-03-20T18:46:25","date_gmt":"2015-03-20T17:46:25","guid":{"rendered":"http:\/\/localhost:8888\/wordpress\/?page_id=30"},"modified":"2024-10-09T13:18:55","modified_gmt":"2024-10-09T11:18:55","slug":"referenzen","status":"publish","type":"page","link":"https:\/\/polsterei-reinhardt.de\/?page_id=578","title":{"rendered":"Referenzen"},"content":{"rendered":"<ul>\n<li>AK-Fahrzeugbau Heinz K\u00fchne GmbH &amp; Co. KG<\/li>\n<li>Asklepios Krankenhaus Wei\u00dfenfels<\/li>\n<li>Bahnhof Leipzig<\/li>\n<li>BASF<\/li>\n<li>Bundeswehr<\/li>\n<li>Burger King<\/li>\n<li>Deutsche Bahn<\/li>\n<li>Fitnesscenter und Autoh\u00e4user<\/li>\n<li>Hotels und Gastst\u00e4tten<\/li>\n<li>IVECO Deutschland<\/li>\n<li>Kino Cineplex Naumburg<\/li>\n<li>Landratsamt Burgenlandkreis Naumburg<\/li>\n<li>LINDE AG<\/li>\n<li>McDonald&#8217;s<\/li>\n<li>Oberlandesgericht Naumburg<\/li>\n<li>Porsche AG Leipzig<\/li>\n<li>Praxen und Kanzleien<\/li>\n<li>Sparda-Bank<\/li>\n<li>Stadt Wei\u00dfenfels<\/li>\n<li>Tank &amp; Rast<\/li>\n<li>Total<\/li>\n<li>T\u00dcV Nord<\/li>\n<\/ul>\n","protected":false},"excerpt":{"rendered":"<p>AK-Fahrzeugbau Heinz K\u00fchne GmbH &amp; Co. KG Asklepios Krankenhaus Wei\u00dfenfels Bahnhof Leipzig BASF Bundeswehr Burger King Deutsche Bahn Fitnesscenter und Autoh\u00e4user Hotels und Gastst\u00e4tten IVECO Deutschland Kino Cineplex Naumburg Landratsamt Burgenlandkreis Naumburg LINDE AG McDonald&#8217;s Oberlandesgericht Naumburg Porsche AG Leipzig Praxen und Kanzleien Sparda-Bank Stadt Wei\u00dfenfels Tank &amp; Rast Total T\u00dcV Nord<\/p>\n","protected":false},"author":1,"featured_media":0,"parent":0,"menu_order":0,"comment_status":"open","ping_status":"open","template":"","meta":{"ngg_post_thumbnail":0,"footnotes":""},"class_list":["post-578","page","type-page","status-publish","hentry"],"_links":{"self":[{"href":"https:\/\/polsterei-reinhardt.de\/index.php?rest_route=\/wp\/v2\/pages\/578","targetHints":{"allow":["GET"]}}],"collection":[{"href":"https:\/\/polsterei-reinhardt.de\/index.php?rest_route=\/wp\/v2\/pages"}],"about":[{"href":"https:\/\/polsterei-reinhardt.de\/index.php?rest_route=\/wp\/v2\/types\/page"}],"author":[{"embeddable":true,"href":"https:\/\/polsterei-reinhardt.de\/index.php?rest_route=\/wp\/v2\/users\/1"}],"replies":[{"embeddable":true,"href":"https:\/\/polsterei-reinhardt.de\/index.php?rest_route=%2Fwp%2Fv2%2Fcomments&post=578"}],"version-history":[{"count":11,"href":"https:\/\/polsterei-reinhardt.de\/index.php?rest_route=\/wp\/v2\/pages\/578\/revisions"}],"predecessor-version":[{"id":1282,"href":"https:\/\/polsterei-reinhardt.de\/index.php?rest_route=\/wp\/v2\/pages\/578\/revisions\/1282"}],"wp:attachment":[{"href":"https:\/\/polsterei-reinhardt.de\/index.php?rest_route=%2Fwp%2Fv2%2Fmedia&parent=578"}],"curies":[{"name":"wp","href":"https:\/\/api.w.org\/{rel}","templated":true}]}}