{"id":577,"date":"2015-03-20T18:45:57","date_gmt":"2015-03-20T17:45:57","guid":{"rendered":"http:\/\/localhost:8888\/wordpress\/?page_id=28"},"modified":"2019-04-25T17:22:18","modified_gmt":"2019-04-25T15:22:18","slug":"weitere-dienstleistungen","status":"publish","type":"page","link":"https:\/\/polsterei-reinhardt.de\/?page_id=577","title":{"rendered":"weitere Dienstleistungen"},"content":{"rendered":"<ul>\n<li><b><\/b>Abpolstern von T\u00fcren<br>Wollen Sie ungest\u00f6rt arbeiten &#8211; dann polstern wir ihre T\u00fcr zum B\u00fcro, zur Praxis oder Kanzlei.<\/li>\n<li><b><\/b>Sattlerei<br>Planen, Zelte, Schirme und uvm.<\/li>\n<li><b><\/b>Beheben von Sch\u00e4den<br>Haben sie an ihren Sitzm\u00f6beln Sch\u00e4den, wie Brandl\u00f6cher, Transportsch\u00e4den, Narben und Schnitten &#8211; wir versuchen sie unsichtbar zu machen.<\/li>\n<li><b><\/b>Nachf\u00e4rben der Oberfl\u00e4chen<br>Ist ihre Ledergarnitur verschlissen, aber zu schade um sich davon zu trennen &#8211; wir f\u00e4rben sie neu oder teilweise ein.<\/li>\n<li><b><\/b>Beratung und Begutachtung<br>Wollen sie sich neue Sitzm\u00f6bel zuzulegen &#8211; beraten wir sie gerne bei der Modellauswahl und den Bezugsmaterialen. Haben sie Probleme mit Lieferanten bez\u00fcglich der Qualit\u00e4t oder bei Garantieanspr\u00fcchen, dann stehen wir gern als unabh\u00e4ngiger Berater an ihrer Seite.<\/li>\n<\/ul>\n<p>&nbsp;<\/p>\n\n\nngg_shortcode_0_placeholder\n","protected":false},"excerpt":{"rendered":"<p>Abpolstern von T\u00fcrenWollen Sie ungest\u00f6rt arbeiten &#8211; dann polstern wir ihre T\u00fcr zum B\u00fcro, zur Praxis oder Kanzlei. SattlereiPlanen, Zelte, Schirme und uvm. Beheben von Sch\u00e4denHaben sie an ihren Sitzm\u00f6beln Sch\u00e4den, wie Brandl\u00f6cher, Transportsch\u00e4den, Narben und Schnitten &#8211; wir versuchen sie unsichtbar zu machen. Nachf\u00e4rben der Oberfl\u00e4chenIst ihre Ledergarnitur verschlissen, aber zu schade um sich [&hellip;]<\/p>\n","protected":false},"author":1,"featured_media":0,"parent":571,"menu_order":0,"comment_status":"open","ping_status":"open","template":"","meta":{"ngg_post_thumbnail":0,"footnotes":""},"class_list":["post-577","page","type-page","status-publish","hentry"],"_links":{"self":[{"href":"https:\/\/polsterei-reinhardt.de\/index.php?rest_route=\/wp\/v2\/pages\/577","targetHints":{"allow":["GET"]}}],"collection":[{"href":"https:\/\/polsterei-reinhardt.de\/index.php?rest_route=\/wp\/v2\/pages"}],"about":[{"href":"https:\/\/polsterei-reinhardt.de\/index.php?rest_route=\/wp\/v2\/types\/page"}],"author":[{"embeddable":true,"href":"https:\/\/polsterei-reinhardt.de\/index.php?rest_route=\/wp\/v2\/users\/1"}],"replies":[{"embeddable":true,"href":"https:\/\/polsterei-reinhardt.de\/index.php?rest_route=%2Fwp%2Fv2%2Fcomments&post=577"}],"version-history":[{"count":6,"href":"https:\/\/polsterei-reinhardt.de\/index.php?rest_route=\/wp\/v2\/pages\/577\/revisions"}],"predecessor-version":[{"id":1175,"href":"https:\/\/polsterei-reinhardt.de\/index.php?rest_route=\/wp\/v2\/pages\/577\/revisions\/1175"}],"up":[{"embeddable":true,"href":"https:\/\/polsterei-reinhardt.de\/index.php?rest_route=\/wp\/v2\/pages\/571"}],"wp:attachment":[{"href":"https:\/\/polsterei-reinhardt.de\/index.php?rest_route=%2Fwp%2Fv2%2Fmedia&parent=577"}],"curies":[{"name":"wp","href":"https:\/\/api.w.org\/{rel}","templated":true}]}}