{"id":169,"date":"2015-07-14T18:44:29","date_gmt":"2015-07-14T16:44:29","guid":{"rendered":"http:\/\/polsterei-reinhardt.de\/?page_id=169"},"modified":"2020-01-19T16:33:01","modified_gmt":"2020-01-19T15:33:01","slug":"startseite","status":"publish","type":"page","link":"https:\/\/polsterei-reinhardt.de\/","title":{"rendered":"Startseite"},"content":{"rendered":"<p style=\"text-align: justify;\"><a href=\"https:\/\/polsterei-reinhardt.de\/wp-content\/uploads\/2015\/07\/start01.jpg\"><img loading=\"lazy\" decoding=\"async\" class=\"aligncenter wp-image-838\" src=\"https:\/\/polsterei-reinhardt.de\/wp-content\/uploads\/2015\/07\/start01-1024x721.jpg\" alt=\"start01\" width=\"640\" height=\"451\" srcset=\"https:\/\/polsterei-reinhardt.de\/wp-content\/uploads\/2015\/07\/start01-1024x721.jpg 1024w, https:\/\/polsterei-reinhardt.de\/wp-content\/uploads\/2015\/07\/start01-300x211.jpg 300w, https:\/\/polsterei-reinhardt.de\/wp-content\/uploads\/2015\/07\/start01-700x493.jpg 700w, https:\/\/polsterei-reinhardt.de\/wp-content\/uploads\/2015\/07\/start01.jpg 1530w\" sizes=\"auto, (max-width: 640px) 100vw, 640px\" \/><\/a>Willkommen auf der Internetseite der Polsterei &#8211; Raumausstattung und Autosattlerei Reinhardt in Wei\u00dfenfels.<\/p>\n<p style=\"text-align: justify;\">Unsere Polsterei besteht seit 18 Jahren, wurde durch J\u00f6rg Reinhardt gegr\u00fcndet und besteht seitdem als Familienunternehmen. Wir sind Ihr spezieller Ansprechpartner im Burgenlandkreis, wenn es um professionelle Arbeiten in den Bereichen der Polsterei, Raumausstattung, Autosattlerei, Sattlerei, Bootssattlerei und Sonnenschutz geht. Auch wenn Sie im Raum Wei\u00dfenfels, Naumburg, Zeitz, Merseburg, Querfurt, Gera, Altenburg, Halle oder Leipzig wohnen, k\u00f6nnen Sie unsere schnelle und handwerklich auf h\u00f6chstem Niveau stehende Dienstleistung in Anspruch nehmen. Unser Team besteht aus sechs Mitarbeitern und erf\u00fcllt ihre W\u00fcnsche.<\/p>\n<p style=\"text-align: justify;\">Das Aufpolstern und Neubeziehen Ihrer Polsterm\u00f6bel sowie die Arbeiten im Bereich der Sattlerei (Zelte, Planen, Hollywoodschaukel usw.) finden in unserer eigenen Polsterei statt. Wir arbeiten Ihre Polsterm\u00f6bel, Lederm\u00f6bel, Sessel, St\u00fchle, Eckb\u00e4nke und Sofas wieder professionell auf. Gerade auch im Bereich der Autosattlerei ist es f\u00fcr den Kunden meist sehr schwer, einen speziell arbeitenden Sattlerei-Betrieb zu finden, der auf dem Gebiet der Autosattlerei langj\u00e4hrige Erfahrungen vorweisen kann! Unsere M\u00f6belstoffe, Leder und hochwertige Materiealien f\u00fcr die Polsterei und Sattlerei kaufen wir nur von ausgesuchten Herstellern, mit denen wir schon jahrelang zusammen arbeiten. Dadurch k\u00f6nnen wir unseren Kunden eine gleichbleibende und perfekte Qualit\u00e4t sowie einen sehr g\u00fcnstigen Preis gew\u00e4hrleisten. Qualit\u00e4t muss nicht immer teuer sein!<\/p>\n<p style=\"text-align: justify;\">Unsere Dienstleistung bieten wir nicht nur an unserem Firmenstandort in Wei\u00dfenfels an. Auch in Halle, Leipzig, Naumburg, Zeitz, Merseburg, Querfurt und Gera k\u00f6nnen Sie von unserer handwerklichen und hochwertigen Dienstleistung profitieren! Gerne geben wir eine unverbindliche Preisauskunft per Telefon. Rufen Sie uns an unter 03443-337555.<\/p>\n","protected":false},"excerpt":{"rendered":"<p>Willkommen auf der Internetseite der Polsterei &#8211; Raumausstattung und Autosattlerei Reinhardt in Wei\u00dfenfels. Unsere Polsterei besteht seit 18 Jahren, wurde durch J\u00f6rg Reinhardt gegr\u00fcndet und besteht seitdem als Familienunternehmen. Wir sind Ihr spezieller Ansprechpartner im Burgenlandkreis, wenn es um professionelle Arbeiten in den Bereichen der Polsterei, Raumausstattung, Autosattlerei, Sattlerei, Bootssattlerei und Sonnenschutz geht. Auch wenn [&hellip;]<\/p>\n","protected":false},"author":1,"featured_media":0,"parent":0,"menu_order":0,"comment_status":"closed","ping_status":"closed","template":"","meta":{"ngg_post_thumbnail":0,"footnotes":""},"class_list":["post-169","page","type-page","status-publish","hentry"],"_links":{"self":[{"href":"https:\/\/polsterei-reinhardt.de\/index.php?rest_route=\/wp\/v2\/pages\/169","targetHints":{"allow":["GET"]}}],"collection":[{"href":"https:\/\/polsterei-reinhardt.de\/index.php?rest_route=\/wp\/v2\/pages"}],"about":[{"href":"https:\/\/polsterei-reinhardt.de\/index.php?rest_route=\/wp\/v2\/types\/page"}],"author":[{"embeddable":true,"href":"https:\/\/polsterei-reinhardt.de\/index.php?rest_route=\/wp\/v2\/users\/1"}],"replies":[{"embeddable":true,"href":"https:\/\/polsterei-reinhardt.de\/index.php?rest_route=%2Fwp%2Fv2%2Fcomments&post=169"}],"version-history":[{"count":11,"href":"https:\/\/polsterei-reinhardt.de\/index.php?rest_route=\/wp\/v2\/pages\/169\/revisions"}],"predecessor-version":[{"id":1211,"href":"https:\/\/polsterei-reinhardt.de\/index.php?rest_route=\/wp\/v2\/pages\/169\/revisions\/1211"}],"wp:attachment":[{"href":"https:\/\/polsterei-reinhardt.de\/index.php?rest_route=%2Fwp%2Fv2%2Fmedia&parent=169"}],"curies":[{"name":"wp","href":"https:\/\/api.w.org\/{rel}","templated":true}]}}